{"id":20,"date":"2015-08-19T13:37:28","date_gmt":"2015-08-19T10:37:28","guid":{"rendered":"\/?page_id=20"},"modified":"2023-05-04T15:18:54","modified_gmt":"2023-05-04T12:18:54","slug":"price","status":"publish","type":"page","link":"https:\/\/pinosklo.com\/de\/price","title":{"rendered":"Preise"},"content":{"rendered":"<p><\/p>\n\r\n<div class=\"pricePage\">\r\n\r\nWenn man \u00fcber die Kosten f\u00fcr <strong>Schaumglas<\/strong> spricht, sollte es betont werden, dass sich der W\u00e4rmed\u00e4mmstoff in einer Reihe von anderen W\u00e4rmed\u00e4mmstoffen durch seine besonderen Eigenschaften auszeichnet. Man kann mit Sicherheit sagen, dass es auf einer Reihe von Eigenschaften von Schaumglas (Langlebigkeit, Nichtentflammbarkeit, Wasserbest\u00e4ndigkeit, Dimensionsstabilit\u00e4t, Best\u00e4ndigkeit gegen hohe Temperaturen und andere) seinesgleichen nicht gibt.\r\n\r\n<img loading=\"lazy\" decoding=\"async\" class=\"aligncenter size-medium wp-image-2326\" src=\"\/wp-content\/uploads\/2016\/02\/icons.png\" alt=\"icons\" width=\"520\" height=\"110\" \/>\r\n\r\nIn einer vergleichenden Analyse mit anderen W\u00e4rmed\u00e4mmstoffen haben wir gezeigt, dass das Schaumglas ein einzigartiger W\u00e4rmed\u00e4mmstoff ist. Er hat dabei einen tollen Vorteil wie Umweltfreundlichkeit, der f\u00fcr unsere Zeit so aktuell ist. Der umweltfreundlichste und sichere W\u00e4rmed\u00e4mmstoff - Schaumglas, das in der Ukraine hergestellt wird, hat noch einen Vorteil (im Vergleich zu dem in anderen L\u00e4ndern hergestellten Schaumglas). Das ist Wirtschaftlichkeit.\r\n<div class=\"charT\"><label>Preis FCA<\/label>\r\n<strong>01.01.2018<\/strong>\r\n<a title=\"Download\" href=\"\/wp-content\/uploads\/loads\/price pinosklo FCA r.pdf\" target=\"_blank\" rel=\"noopener\"><img alt=\"\" \/><\/a><\/div>\r\n<div class=\"pricePg price_6\">\r\n<table class=\"simple-little-table\" cellspacing=\"0\" cellpadding=\"0\">\r\n<tbody>\r\n<tr>\r\n<td colspan=\"5\">Schaumglas \"Pinosklo\" in Platten<\/td>\r\n<\/tr>\r\n<tr>\r\n<td>Bezeichnung<\/td>\r\n<td>Dichte (\u00b110%) in kg\/m<sup>3<\/sup><\/td>\r\n<td>W\u00e4rmeleitf\u00e4higkeit W\/(m.K)<\/td>\r\n<td>Druckfestigkeit, kPa<\/td>\r\n<\/tr>\r\n<tr>\r\n<td>Pinosklo<\/td>\r\n<td>125<\/td>\r\n<td>\u2264 0,052<\/td>\r\n<td>\u2265 800<\/td>\r\n<\/tr>\r\n<\/tbody>\r\n<\/table>\r\n<ul>\r\n\t<li>Abmessungen 600*450 mm\r\nDicke 30 - 120 mm<\/li>\r\n\t<li>Andere Abmessungen und Dicken sind auf Anfrage erh\u00e4ltlich.\r\nDas Material wird in Paletten (1200*1100*800 mm) verpackt.<\/li>\r\n<\/ul>\r\n<\/div>\r\nBei allen seinen Vorteilen ist das Schaumglas ukrainischer Herstellung \u2013 ein ziemlich zug\u00e4ngliches Material. Eben deshalb wird das Schaumglas jedes Jahr immer beliebter in der Baubranche.\r\nDer Preis f\u00fcr Schaumglas wird pro Quadratmeter bestimmt.\r\n\r\nUm zu berechnen, wie viel der W\u00e4rmed\u00e4mmstoff f\u00fcr Ihr Bauvorhaben kosten wird, ist die Oberfl\u00e4che zu berechnen, die abged\u00e4mmt werden soll.\r\n\r\nViele Bauunternehmen aus dem Ausland bevorzugen unser Schaumglas der Marke <strong>PINOSKLO<\/strong>, das eine ausgezeichnete Qualit\u00e4t und angemessene ukrainische Preisen hat. Unser <strong>Schaumglas<\/strong> ist bez\u00fcglich Qualit\u00e4t genauso gut wie das bekannte Schaumglas der Marke Foanglas, aber unser Preis f\u00fcr Schaumglas ist wesentlich niedriger.\r\n\r\nUnd zuletzt: der Preis f\u00fcr Schaumglas der Marke <strong>PINOSKLO<\/strong> ist einheitlich auf dem ukrainischen Baumarkt und Sie k\u00f6nnen Schaumglas bei uns (Hersteller) oder bei unseren H\u00e4ndlern kaufen.\r\n\r\n<\/div>\r\n<p><\/p>","protected":false},"excerpt":{"rendered":"<p>Wenn man \u00fcber die Kosten f\u00fcr Schaumglas spricht, sollte es betont werden, dass sich der W\u00e4rmed\u00e4mmstoff in einer Reihe von anderen W\u00e4rmed\u00e4mmstoffen durch seine besonderen Eigenschaften auszeichnet. Man kann mit<\/p>\n","protected":false},"author":1,"featured_media":0,"parent":0,"menu_order":0,"comment_status":"closed","ping_status":"open","template":"","meta":{"footnotes":""},"aioseo_notices":[],"_links":{"self":[{"href":"https:\/\/pinosklo.com\/de\/wp-json\/wp\/v2\/pages\/20"}],"collection":[{"href":"https:\/\/pinosklo.com\/de\/wp-json\/wp\/v2\/pages"}],"about":[{"href":"https:\/\/pinosklo.com\/de\/wp-json\/wp\/v2\/types\/page"}],"author":[{"embeddable":true,"href":"https:\/\/pinosklo.com\/de\/wp-json\/wp\/v2\/users\/1"}],"replies":[{"embeddable":true,"href":"https:\/\/pinosklo.com\/de\/wp-json\/wp\/v2\/comments?post=20"}],"version-history":[{"count":173,"href":"https:\/\/pinosklo.com\/de\/wp-json\/wp\/v2\/pages\/20\/revisions"}],"predecessor-version":[{"id":3119,"href":"https:\/\/pinosklo.com\/de\/wp-json\/wp\/v2\/pages\/20\/revisions\/3119"}],"wp:attachment":[{"href":"https:\/\/pinosklo.com\/de\/wp-json\/wp\/v2\/media?parent=20"}],"curies":[{"name":"wp","href":"https:\/\/api.w.org\/{rel}","templated":true}]}}