{"id":31,"date":"2015-08-19T15:16:15","date_gmt":"2015-08-19T12:16:15","guid":{"rendered":"\/?page_id=31"},"modified":"2018-03-29T10:52:49","modified_gmt":"2018-03-29T07:52:49","slug":"services","status":"publish","type":"page","link":"https:\/\/pinosklo.com\/de\/services","title":{"rendered":"LEISTUNGEN"},"content":{"rendered":"<p><\/p>\n\r\n<div class=\"servFG eu\">\r\n\r\n<ul class=\"title_ul title_ul-1\">\r\n\t<li>Unsere Firma PINOSKLO bietet folgende Leistungen an:<\/li>\r\n<\/ul>\r\n<div class=\"srvEu-1\">\r\n<img loading=\"lazy\" decoding=\"async\" src=\"\/wp-content\/uploads\/2015\/08\/one.png\" alt=\"one\" width=\"15\" height=\"15\" class=\"alignleft size-full wp-image-1031\" \/>\r\n<p class=\"first\">Die Herstellung von Block Schaumglas von jeglicher Dicke auf Bestellung. Die fertigen Blocks aus dem Schaumglas haben \r\nAbmessungen: 600 x 450 mm mit der Dicke von 30 bis 120 mm mit dem Schritt 10 mm. \r\n<\/p>\r\n<img loading=\"lazy\" decoding=\"async\" src=\"\/wp-content\/uploads\/2015\/08\/srv-img-en-1.png\" alt=\"srv-img-en-1\" width=\"493\" height=\"180\" class=\"alignleft size-full wp-image-1022\" \/>\r\n<p>Diese Erzeugnisse sind immer im Lager vorhanden. \r\nWie bieten die Herstellung von Blocks aus dem \r\nSchaumglas von jeglicher Dicke mehr als 120 mm mit \r\ndem Schritt 10 mm an. Wenn Sie die Erzeugnisse \r\nbestellen, bekommen Sie von unserem Manager die \r\nInformation \u00fcber das Vorhandensein im Lager von \r\nBlockschaumglas notwendiger Dicke. Wenn solche \r\nErzeugnisse nicht vorhanden sind, machen Sie einen \r\nAuftrag auf ihre Herstellung, stimmen die Fristen und \r\ndie Preise ab. Wir fertigen f\u00fcr Sie Block Schaumglas \r\nvon jeglicher Dicke!\r\n<\/p>\r\n<\/div>\r\n<div class=\"srvEu-2\">\r\n<img loading=\"lazy\" decoding=\"async\" src=\"\/wp-content\/uploads\/2015\/08\/two.png\" alt=\"one\" width=\"15\" height=\"15\" class=\"alignleft size-full wp-image-1031\" \/>\r\n<p class=\"second\">Die Fertigung der Formteile f\u00fcr die Rohre von jeglichen Durchschnitt auf Bestellung.\r\nBei uns kann man die Formteile bestellen \u2013 Geh\u00e4use f\u00fcr Rohre und Beh\u00e4lter \u2013 auf Bestellung. \r\n<\/p>\r\n<img loading=\"lazy\" decoding=\"async\" src=\"\/wp-content\/uploads\/2015\/08\/srv-img-en-2.png\" alt=\"srv-img-en-2\" width=\"493\" height=\"180\" class=\"alignleft size-full wp-image-1022\" \/>\r\n<p>Wir fertigen die Geh\u00e4use f\u00fcr Rohre und Beh\u00e4lter von \r\njeglichem Durchschnitt.<\/p>\r\n<p>F\u00fcr die Bestellung der Formteile geben Sie bitte an:<\/p>\r\n<p>\u2013 Durchschnitt von Rohrleiter oder Beh\u00e4lter;<\/p>\r\n<p>\u2013 Dicke des W\u00e4rmeschutzstoffes;<\/p>\r\n<p>\u2013 Betriebstemperaturen.<\/p>\r\n<p>Machen Sie den Auftrag bei unserem Manager und \r\nstimmen Sie mit ihm die Fertigungsfristen und die \r\nPreise ab. Der Preis wird vom Manager f\u00fcr jeden \r\neinzelnen Auftrag ausgerechnet.<\/p>\r\n<p>Wir fertigen Sie die Formteile von jeglicher Abmessung!\r\n<\/p>\r\n<\/div>\r\n<\/div>\r\n<p><\/p>","protected":false},"excerpt":{"rendered":"<p>Unsere Firma PINOSKLO bietet folgende Leistungen an: Die Herstellung von Block Schaumglas von jeglicher Dicke auf Bestellung. Die fertigen Blocks aus dem Schaumglas haben Abmessungen: 600 x 450 mm mit<\/p>\n","protected":false},"author":1,"featured_media":0,"parent":0,"menu_order":0,"comment_status":"closed","ping_status":"open","template":"","meta":{"footnotes":""},"aioseo_notices":[],"_links":{"self":[{"href":"https:\/\/pinosklo.com\/de\/wp-json\/wp\/v2\/pages\/31"}],"collection":[{"href":"https:\/\/pinosklo.com\/de\/wp-json\/wp\/v2\/pages"}],"about":[{"href":"https:\/\/pinosklo.com\/de\/wp-json\/wp\/v2\/types\/page"}],"author":[{"embeddable":true,"href":"https:\/\/pinosklo.com\/de\/wp-json\/wp\/v2\/users\/1"}],"replies":[{"embeddable":true,"href":"https:\/\/pinosklo.com\/de\/wp-json\/wp\/v2\/comments?post=31"}],"version-history":[{"count":70,"href":"https:\/\/pinosklo.com\/de\/wp-json\/wp\/v2\/pages\/31\/revisions"}],"predecessor-version":[{"id":2935,"href":"https:\/\/pinosklo.com\/de\/wp-json\/wp\/v2\/pages\/31\/revisions\/2935"}],"wp:attachment":[{"href":"https:\/\/pinosklo.com\/de\/wp-json\/wp\/v2\/media?parent=31"}],"curies":[{"name":"wp","href":"https:\/\/api.w.org\/{rel}","templated":true}]}}