{"id":15,"date":"2015-08-19T13:27:57","date_gmt":"2015-08-19T10:27:57","guid":{"rendered":"\/?page_id=15"},"modified":"2018-01-12T20:58:48","modified_gmt":"2018-01-12T17:58:48","slug":"about","status":"publish","type":"page","link":"https:\/\/pinosklo.com\/pl\/about","title":{"rendered":"O firmie"},"content":{"rendered":"<p><\/p>\n<h1><a href=\"http:\/\/www.pinosklo.com\/wp-content\/uploads\/2015\/08\/001_O_firmie.png\"><img loading=\"lazy\" decoding=\"async\" class=\"alignnone wp-image-1579 size-full\" src=\"http:\/\/www.pinosklo.com\/wp-content\/uploads\/2015\/08\/001_O_firmie.png\" alt=\"001_O_firmie\" width=\"840\" height=\"141\" srcset=\"https:\/\/pinosklo.com\/wp-content\/uploads\/2015\/08\/001_O_firmie.png 840w, https:\/\/pinosklo.com\/wp-content\/uploads\/2015\/08\/001_O_firmie-300x50.png 300w\" sizes=\"(max-width: 840px) 100vw, 840px\" \/><\/a><\/h1>\n<p>Jeste\u015bmy <strong>producentem szk\u0142a piankowego<\/strong> w m. Szostka; produkujemy swoje wyroby pod mark\u0105 <span style=\"color: #008000;\"><strong>PINOSKLO<\/strong><\/span>. Obecnie jeste\u015bmy jedynym producentem <span style=\"color: #008000;\"><strong>szk\u0142a piankowego<\/strong><\/span> na Ukrainie. Ju\u017c w ci\u0105gu 5 lat produkujemy szk\u0142o piankowe r\u00f3\u017cnego rodzaju, kt\u00f3re zakupuj\u0105 nie tylko przedstawiciele ukrai\u0144skiego rynku budowlanego, ale r\u00f3wnie\u017c firmy z bliskiej i dalekiej zagranicy.<\/p>\n<p>Wsp\u00f3\u0142czesne technologie i du\u017ce moce naszej produkcji robi\u0105 j\u0105 konkurencyjn\u0105 na poziomie \u015bwiatowym. Wszystkie nasze wyroby s\u0105 certyfikowane i wsparte dokumentacj\u0105 techniczn\u0105. W ci\u0105gu pi\u0119cu lat jako\u015b\u0107 naszego termoizolatora jest sprawdzona praktycznie. Najwy\u017cszy wska\u017anik jako\u015bci dla nas \u2013 to ci\u0105gle wzrastaj\u0105ce zapotrzebowanie na nasze wyroby.<\/p>\n<p><img loading=\"lazy\" decoding=\"async\" class=\"alignnone size-full wp-image-499\" src=\"\/wp-content\/uploads\/2015\/08\/aboutus.jpg\" alt=\"aboutus\" width=\"800\" height=\"436\" srcset=\"https:\/\/pinosklo.com\/wp-content\/uploads\/2015\/08\/aboutus.jpg 800w, https:\/\/pinosklo.com\/wp-content\/uploads\/2015\/08\/aboutus-300x164.jpg 300w\" sizes=\"(max-width: 800px) 100vw, 800px\" \/><\/p>\n<p>Zak\u0142ad zosta\u0142 otwarty w sierpniu 2010 roku. Projekt i monta\u017c linii technologicznych zosta\u0142 dokonany przez specjalist\u00f3w z pi\u0119tnastoletnim do\u015bwiadczeniem w produkczji szk\u0142a piankowego. Budowa zosta\u0142a wsparta przez Europejski Bank Odbudowy i Rozwoju.<\/p>\n<p>Podczas produkcji <span style=\"color: #008000;\"><strong>szk\u0142a piankowego<\/strong><\/span> stosujemy nowoczesne technologie oraz wy\u0142\u0105cznie ekologicznie czyste materia\u0142y.<\/p>\n<p>Podstawowe cechy <span style=\"color: #008000;\"><strong>szk\u0142a piankowego<\/strong><\/span>, kt\u00f3re korzystnie wyr\u00f3\u017cniaj\u0105 go spo\u015br\u00f3d innych termoizolator\u00f3w, to ekologiczno\u015b\u0107, wytrzyma\u0142o\u015b\u0107 i bezpiecze\u0144stwo. W\u0142a\u015bnie dlatego szk\u0142o piankowe otrzyma\u0142o ocen\u0119 tak wysok\u0105, \u017ce zapotrzebowanie konsument\u00f3w na niego ci\u0105gle wzrasta.<\/p>\n<p>Wybieraj\u0105 nas dlatego, \u017ce oferujemy jako\u015b\u0107 na poziomie \u015bwiatowym za ukrai\u0144sk\u0105 cen\u0119. Kazdy rok bierzemy udzia\u0142 w mi\u0119dzynarodowych targach specjalistycznych, posiadamy szereg Dyplom\u00f3w z wysok\u0105 ocen\u0105 naszych wyrob\u00f3w.<\/p>\n<p>Z powodu skomplikowanej technologii szk\u0142o piankowe produkowane jest wy\u0142\u0105cznie w zak\u0142adach o du\u017cej mocy produkcyjnej. Takich przedsi\u0119borstw na \u015bwiecie jest niewiele. Dlatego tak cennym jest to, \u017ce podobna produkcja pojawi\u0142a si\u0119 na Ukrainie. Jeste\u015bmy jednymi z niewielu producent\u00f3w szk\u0142a piankowego.<\/p>\n<p>Producent termoizolatora <span style=\"color: #008000;\"><strong>PINOSKLO<\/strong><\/span> stoi w jednym szeregu z Pittsburgh Corning (USA, Niemcy, Czechy, Belgia, Kanada), producentem szk\u0142a piankowego marki <strong>FOAMGLAS<\/strong>.<\/p>\n<p>W celu zakupu szk\u0142a piankowego lub otrzymania konsultacji prosimy o kontakt z naszym Dzia\u0142em sprzeda\u017cy w Kijowie pod adresem ul. Elektrykiw, 4;<br \/>\n<strong>+38(044) 428-75-33<\/strong><br \/>\n<strong>+38(044) 428-75-34<\/strong><\/p>\n<p>Zak\u0142ad <strong>PNP \u201eTechnologia\u201d<\/strong> znajduje si\u0119 pod adresem: Ukraina, obw\u00f3d Sumski, m. Szostka, ul. Gagarina, 1.<\/p>","protected":false},"excerpt":{"rendered":"<p>Jeste\u015bmy producentem szk\u0142a piankowego w m. Szostka; produkujemy swoje wyroby pod mark\u0105 PINOSKLO. Obecnie jeste\u015bmy jedynym producentem szk\u0142a piankowego na Ukrainie. Ju\u017c w ci\u0105gu 5 lat produkujemy szk\u0142o piankowe r\u00f3\u017cnego<\/p>\n","protected":false},"author":1,"featured_media":0,"parent":0,"menu_order":0,"comment_status":"closed","ping_status":"open","template":"","meta":{"footnotes":""},"aioseo_notices":[],"_links":{"self":[{"href":"https:\/\/pinosklo.com\/pl\/wp-json\/wp\/v2\/pages\/15"}],"collection":[{"href":"https:\/\/pinosklo.com\/pl\/wp-json\/wp\/v2\/pages"}],"about":[{"href":"https:\/\/pinosklo.com\/pl\/wp-json\/wp\/v2\/types\/page"}],"author":[{"embeddable":true,"href":"https:\/\/pinosklo.com\/pl\/wp-json\/wp\/v2\/users\/1"}],"replies":[{"embeddable":true,"href":"https:\/\/pinosklo.com\/pl\/wp-json\/wp\/v2\/comments?post=15"}],"version-history":[{"count":22,"href":"https:\/\/pinosklo.com\/pl\/wp-json\/wp\/v2\/pages\/15\/revisions"}],"predecessor-version":[{"id":2863,"href":"https:\/\/pinosklo.com\/pl\/wp-json\/wp\/v2\/pages\/15\/revisions\/2863"}],"wp:attachment":[{"href":"https:\/\/pinosklo.com\/pl\/wp-json\/wp\/v2\/media?parent=15"}],"curies":[{"name":"wp","href":"https:\/\/api.w.org\/{rel}","templated":true}]}}