{"id":20,"date":"2015-08-19T13:37:28","date_gmt":"2015-08-19T10:37:28","guid":{"rendered":"\/?page_id=20"},"modified":"2023-05-04T15:18:54","modified_gmt":"2023-05-04T12:18:54","slug":"price","status":"publish","type":"page","link":"https:\/\/pinosklo.com\/pl\/price","title":{"rendered":"Cena"},"content":{"rendered":"<p><\/p>\n\r\n<div class=\"pricePage\">\r\n<h1>Szk\u0142o piankowe cena<\/h1>\r\nM\u00f3wi\u0105c o cenie na <span style=\"color: #008000;\"><strong>szk\u0142o piankowe<\/strong><\/span>, nale\u017cy podkre\u015bli\u0107, \u017ce dany termoizolator wyr\u00f3\u017cnia si\u0119 spo\u015br\u00f3d innych termoizolator\u00f3w dzi\u0119ki swoim specjalistycznym cechom. Mo\u017cna z pewno\u015bci\u0105 powiedzie\u0107, \u017ce pod wzgl\u0119dem niekt\u00f3rych cech (wytrzyma\u0142o\u015b\u0107, niepalno\u015b\u0107, wodoszczelno\u015b\u0107, stabilno\u015b\u0107 wymiar\u00f3w, odporno\u015b\u0107 na wysokie temperatury i t.p.) szk\u0142o piankowe nie ma sobie r\u00f3wnych. Przeprowadzona przez nas analiza por\u00f3wnawcza sk\u0142a piankowego oraz innych termoizolator\u00f3w pokaza\u0142a, i\u017c szk\u0142o piankowe \u2013 to unikalny termoizolator. Opr\u00f3cz tego posiada ono zaskakuj\u0105c\u0105, tak aktualn\u0105 w naszych czasach zalet\u0119 \u2013 ekologiczno\u015b\u0107.\r\n\r\n<img loading=\"lazy\" decoding=\"async\" class=\"aligncenter size-medium wp-image-2326\" src=\"\/wp-content\/uploads\/2016\/02\/icons.png\" alt=\"icons\" width=\"520\" height=\"110\" \/>\r\n\r\nNajbardziej czysty ekologicznie i bezpieczny termoizolator \u2013 <span style=\"color: #008000;\"><strong>szk\u0142o piankowe<\/strong><\/span>, wyprodukowane na Ukrainie, posiada jeszcze jedn\u0105 zalet\u0119. Jest ni\u0105 ekonomiczno\u015b\u0107 (w por\u00f3wnaniu ze szk\u0142em piankowym, wyprodukowanym w innych krajach).\r\nMimo wszystkich zalet szk\u0142o piankowe, wyprodukowane na Ukrainie jest materia\u0142em ca\u0142kowicie przyst\u0119pnym. W\u0142a\u015bnie dlatego z ka\u017cdym rokiem szk\u0142o piankowe staje si\u0119 coraz bardziej popularne w biznesie budowlanym.\r\n<div class=\"charT\"><label>Cena FCA <\/label>\r\n<strong>01.01.2018<\/strong>\r\n<a title=\"Download\" href=\"\/wp-content\/uploads\/loads\/price pinosklo FCA r.pdf\" target=\"_blank\" rel=\"noopener\"><img alt=\"\" \/><\/a><\/div>\r\n<div class=\"pricePg price_6\">\r\n<table class=\"simple-little-table\">\r\n<tbody>\r\n<tr>\r\n<td colspan=\"5\">Szk\u0142o piankowe PINOSKLO w blokach<\/td>\r\n<\/tr>\r\n<tr>\r\n<td>Nazwa<\/td>\r\n<td>G\u0119sto\u015b\u0107 (\u00b1 10%)\u0432 kg\/m<sup>3<\/sup><\/td>\r\n<td>Przewodzenie ciep\u0142a, W\/(m.K)<\/td>\r\n<td>Wytrzyma\u0142o\u015b\u0107 na \u015bciskanie, kPa<\/td>\r\n<\/tr>\r\n<tr>\r\n<td>Pinosklo<\/td>\r\n<td>125<\/td>\r\n<td>\u2264 0,052<\/td>\r\n<td>\u2265 800<\/td>\r\n<\/tr>\r\n<\/tbody>\r\n<\/table>\r\n<ul>\r\n\t<li>Wymiary 600*450 mm\r\nGrubo\u015b\u0107 30 - 120 mm<\/li>\r\n\t<li>Wyroby o innych wymiarach i grubo\u015bci produkowane s\u0105 pod zam\u00f3wienie.\r\nSzk\u0142o piankowe pakowane jest na paletach (1200*1100*800 mm)<\/li>\r\n<\/ul>\r\n<\/div>\r\nCena za szk\u0142o piankowe wyznaczana jest za metr kwadratowy.\r\nDla wyliczenia kosztu termoizolatora dla Pa\u0144stwa obiektu budowlanego nale\u017cy wyliczy\u0107 pole ocieplanej powierzchni.\r\n\r\nWiele firm budowlanych zza granicy preferuje nasze sk\u0142o piankowe marki <span style=\"color: #008000;\"><strong>PINOSKLO<\/strong><\/span> o doskona\u0142ej jako\u015bci i przyst\u0119pnej ukrai\u0144skiej cenie. Pod wzgl\u0119dem jako\u015bci nasze szk\u0142o piankowe nie ust\u0119puje powszechnie znanemu szk\u0142u marki Foamglas, jednak cena naszego szk\u0142a piankowego jest znacznie ni\u017csza.\r\nI na zako\u0144czenie powiemy, \u017ce cena szk\u0142a piankowego marki <span style=\"color: #008000;\"><strong>PINOSKLO<\/strong><\/span> jest jedyna na ca\u0142ym ukrai\u0144skim rynku budowlanym, wi\u0119\u0107 mo\u017cna go zakupi\u0107 u nas (producenta) lub naszych diler\u00f3w.\r\n\r\n<\/div>\r\n<p><\/p>","protected":false},"excerpt":{"rendered":"<p>Szk\u0142o piankowe cena M\u00f3wi\u0105c o cenie na szk\u0142o piankowe, nale\u017cy podkre\u015bli\u0107, \u017ce dany termoizolator wyr\u00f3\u017cnia si\u0119 spo\u015br\u00f3d innych termoizolator\u00f3w dzi\u0119ki swoim specjalistycznym cechom. Mo\u017cna z pewno\u015bci\u0105 powiedzie\u0107, \u017ce pod wzgl\u0119dem<\/p>\n","protected":false},"author":1,"featured_media":0,"parent":0,"menu_order":0,"comment_status":"closed","ping_status":"open","template":"","meta":{"footnotes":""},"aioseo_notices":[],"_links":{"self":[{"href":"https:\/\/pinosklo.com\/pl\/wp-json\/wp\/v2\/pages\/20"}],"collection":[{"href":"https:\/\/pinosklo.com\/pl\/wp-json\/wp\/v2\/pages"}],"about":[{"href":"https:\/\/pinosklo.com\/pl\/wp-json\/wp\/v2\/types\/page"}],"author":[{"embeddable":true,"href":"https:\/\/pinosklo.com\/pl\/wp-json\/wp\/v2\/users\/1"}],"replies":[{"embeddable":true,"href":"https:\/\/pinosklo.com\/pl\/wp-json\/wp\/v2\/comments?post=20"}],"version-history":[{"count":163,"href":"https:\/\/pinosklo.com\/pl\/wp-json\/wp\/v2\/pages\/20\/revisions"}],"predecessor-version":[{"id":3119,"href":"https:\/\/pinosklo.com\/pl\/wp-json\/wp\/v2\/pages\/20\/revisions\/3119"}],"wp:attachment":[{"href":"https:\/\/pinosklo.com\/pl\/wp-json\/wp\/v2\/media?parent=20"}],"curies":[{"name":"wp","href":"https:\/\/api.w.org\/{rel}","templated":true}]}}