{"id":25,"date":"2015-08-19T13:42:24","date_gmt":"2015-08-19T10:42:24","guid":{"rendered":"\/?page_id=25"},"modified":"2019-01-14T15:39:25","modified_gmt":"2019-01-14T12:39:25","slug":"contacts","status":"publish","type":"page","link":"https:\/\/pinosklo.com\/pl\/contacts","title":{"rendered":"Dzia\u0142 sprzeda\u017cy"},"content":{"rendered":"<p><\/p>\n\r\n<div class=\"cont\">\r\n<h3>PNP Technologia Sp z o.o.<\/h3>\r\n<div class=\"su-row srvColumn\"><div class=\"su-column su-column-size-2-3\"><div class=\"su-column-inner su-u-clearfix su-u-trim\">\r\n <div class=\"su-gmap su-u-responsive-media-yes\"><iframe loading=\"lazy\" width=\"320\" height=\"280\" src=\"\/\/maps.google.com\/maps?q=%D0%A2%D0%B5%D1%85%D0%BD%D0%BE%D0%BB%D0%BE%D0%B3%D0%B8%D1%8F%20%D0%9D%D0%9F%D0%9F%20%D0%9E%D0%9E%D0%9E%20%D0%B3.%D0%9A%D0%B8%D0%B5%D0%B2%20%D1%83%D0%BB.%D0%AD%D0%BB%D0%B5%D0%BA%D1%82%D1%80%D0%B8%D0%BA%D0%BE%D0%B2%2C%204&amp;output=embed\" title=\"\"><\/iframe><\/div>\r\n<\/div><\/div>\r\n<div class=\"su-column su-column-size-1-3\"><div class=\"su-column-inner su-u-clearfix su-u-trim\">\r\n<span>Zesp\u00f3\u0142 sprzeda\u017cy<\/span>\r\n<ul>\r\n <li>\r\n  pn. &#8211; pt.<br \/>\r\n  <strong>9:00 &#8211; 18:00<\/strong>\r\n <\/li>\r\n <li>\r\n  ul. Elektrykiw, 4<br \/>\r\n  Kij\u00f3w<br \/>\r\n  Ukraina<br \/>\r\n  04071\r\n <\/li>\r\n <li>+38(044) 428-75-33<\/li>\r\n <li>+38(044) 428-75-34<\/li>\r\n <li>info@pinosklo.com<\/li>\r\n<\/ul>\r\n<\/div><\/div>\r\n<\/div>\r\n<\/div>\r\n<p><\/p>","protected":false},"excerpt":{"rendered":"<p>PNP Technologia Sp z o.o.<\/p>\n","protected":false},"author":1,"featured_media":0,"parent":0,"menu_order":0,"comment_status":"closed","ping_status":"closed","template":"","meta":{"footnotes":""},"aioseo_notices":[],"_links":{"self":[{"href":"https:\/\/pinosklo.com\/pl\/wp-json\/wp\/v2\/pages\/25"}],"collection":[{"href":"https:\/\/pinosklo.com\/pl\/wp-json\/wp\/v2\/pages"}],"about":[{"href":"https:\/\/pinosklo.com\/pl\/wp-json\/wp\/v2\/types\/page"}],"author":[{"embeddable":true,"href":"https:\/\/pinosklo.com\/pl\/wp-json\/wp\/v2\/users\/1"}],"replies":[{"embeddable":true,"href":"https:\/\/pinosklo.com\/pl\/wp-json\/wp\/v2\/comments?post=25"}],"version-history":[{"count":43,"href":"https:\/\/pinosklo.com\/pl\/wp-json\/wp\/v2\/pages\/25\/revisions"}],"predecessor-version":[{"id":2960,"href":"https:\/\/pinosklo.com\/pl\/wp-json\/wp\/v2\/pages\/25\/revisions\/2960"}],"wp:attachment":[{"href":"https:\/\/pinosklo.com\/pl\/wp-json\/wp\/v2\/media?parent=25"}],"curies":[{"name":"wp","href":"https:\/\/api.w.org\/{rel}","templated":true}]}}