{"id":31,"date":"2015-08-19T15:16:15","date_gmt":"2015-08-19T12:16:15","guid":{"rendered":"\/?page_id=31"},"modified":"2018-03-29T10:52:49","modified_gmt":"2018-03-29T07:52:49","slug":"services","status":"publish","type":"page","link":"https:\/\/pinosklo.com\/pl\/services","title":{"rendered":"Us\u0142ugi"},"content":{"rendered":"<p><\/p>\n\r\n<div class=\"servFG eu\">\r\n\r\n<ul class=\"title_ul title_ul-1\">\r\n\t<li>Nasza firma PINOSKLO \u015bwiadczy nast\u0119puj\u0105ce us\u0142ugi:<\/li>\r\n<\/ul>\r\n<div class=\"srvEu-1\">\r\n<img loading=\"lazy\" decoding=\"async\" src=\"\/wp-content\/uploads\/2015\/08\/one.png\" alt=\"one\" width=\"15\" height=\"15\" class=\"alignleft size-full wp-image-1031\" \/>\r\n<p class=\"first\">\r\nProdukcja szk\u0142a piankowego w blokach o dowolnej grubo\u015bci pod zam\u00f3wienie. Gotowe bloki ze szk\u0142a piankowego maj\u0105 \r\nwymiary 600 x 450 mm, grubo\u015b\u0107 od 30 do 120 mm (krotna 10 mm). Dane produkty zawsze s\u0105 dost\u0119pne w magazynie.\r\n<\/p>\r\n<img loading=\"lazy\" decoding=\"async\" src=\"\/wp-content\/uploads\/2015\/08\/srv-img-en-1.png\" alt=\"srv-img-en-1\" width=\"493\" height=\"180\" class=\"alignleft size-full wp-image-1022\" \/>\r\n<p>Oferujemy wyprodukowanie blok\u00f3w ze szk\u0142a \r\npiankowego o dowolnej grubo\u015bci powy\u017cej 120 mm \r\n(krotnej 10 mm) pod zam\u00f3wienie.<\/p>\r\n<p>Zamawiaj\u0105c nasze produkty, otrzymaj\u0105 Pa\u0144stwo od \r\nnaszego mened\u017cera informacj\u0105 odno\u015bnie dost\u0119pno\u015bci \r\nw magazynie szk\u0142a piankowego w blokach o potrzebnej \r\ngrubo\u015bci. W przypadku gdy potrzebne produktu nie s\u0105 \r\ndost\u0119pne, mo\u017cliwe jest z\u0142o\u017cenie zam\u00f3wienia na ich \r\nwyprodukowanie, om\u00f3wienie termin\u00f3w i ceny.<\/p>\r\n<p>Wyprodukujemy dla Pa\u0144stwa szk\u0142o piankowe w \r\nblokach o dowolnej grubo\u015bci!\r\n<\/p>\r\n<\/div>\r\n<div class=\"srvEu-2\">\r\n<img loading=\"lazy\" decoding=\"async\" src=\"\/wp-content\/uploads\/2015\/08\/two.png\" alt=\"one\" width=\"15\" height=\"15\" class=\"alignleft size-full wp-image-1031\" \/>\r\n<p class=\"second\">Produkcja wyrob\u00f3w formowanych dla rur o dowolnej \u015brednicy pod zam\u00f3wienie. U nas mo\u017cna zam\u00f3wi\u0107 wyroby formowane \u2013 \r\notuliny dla rur i pojemnik\u00f3w \u2013 pod zam\u00f3wienie. Produkujemy otuliny dla rur i pojemnik\u00f3w odowolnej \u015brednicy.\r\n<\/p>\r\n<img loading=\"lazy\" decoding=\"async\" src=\"\/wp-content\/uploads\/2015\/08\/srv-img-en-2.png\" alt=\"srv-img-en-2\" width=\"493\" height=\"180\" class=\"alignleft size-full wp-image-1022\" \/>\r\n<p>\u017beby z\u0142o\u017cy\u0107 zam\u00f3wienie na wyprodukowanie wyrob\u00f3w \r\nformowanych, nale\u017cy poda\u0107:<\/p>\r\n<p>\u2013 \u015brednic\u0119 rury lub pojemnika;<\/p>\r\n<p>\u2013 grubo\u015b\u0107 izolacji cieplnej;<\/p>\r\n<p>\u2013 re\u017cim temperaturowy pracy.<\/p>\r\n<p>Zapraszamy do sk\u0142adania zam\u00f3wienia u naszego \r\nmened\u017cera i om\u00f3wienia z nim termin\u00f3w produkcji oraz \r\nceny. Cena wyliczana jest przez mened\u017cera dla ka\u017cdego \r\nodr\u0119bnego zam\u00f3wienia.<\/p>\r\n<p>Wyprodukujemy dla Pa\u0144stwa wyroby formowane o \r\ndowolnych wymiarach!\r\n<\/p>\r\n<\/div>\r\n<\/div>\r\n<p><\/p>","protected":false},"excerpt":{"rendered":"<p>Nasza firma PINOSKLO \u015bwiadczy nast\u0119puj\u0105ce us\u0142ugi: Produkcja szk\u0142a piankowego w blokach o dowolnej grubo\u015bci pod zam\u00f3wienie. Gotowe bloki ze szk\u0142a piankowego maj\u0105 wymiary 600 x 450 mm, grubo\u015b\u0107 od 30<\/p>\n","protected":false},"author":1,"featured_media":0,"parent":0,"menu_order":0,"comment_status":"closed","ping_status":"open","template":"","meta":{"footnotes":""},"aioseo_notices":[],"_links":{"self":[{"href":"https:\/\/pinosklo.com\/pl\/wp-json\/wp\/v2\/pages\/31"}],"collection":[{"href":"https:\/\/pinosklo.com\/pl\/wp-json\/wp\/v2\/pages"}],"about":[{"href":"https:\/\/pinosklo.com\/pl\/wp-json\/wp\/v2\/types\/page"}],"author":[{"embeddable":true,"href":"https:\/\/pinosklo.com\/pl\/wp-json\/wp\/v2\/users\/1"}],"replies":[{"embeddable":true,"href":"https:\/\/pinosklo.com\/pl\/wp-json\/wp\/v2\/comments?post=31"}],"version-history":[{"count":58,"href":"https:\/\/pinosklo.com\/pl\/wp-json\/wp\/v2\/pages\/31\/revisions"}],"predecessor-version":[{"id":2935,"href":"https:\/\/pinosklo.com\/pl\/wp-json\/wp\/v2\/pages\/31\/revisions\/2935"}],"wp:attachment":[{"href":"https:\/\/pinosklo.com\/pl\/wp-json\/wp\/v2\/media?parent=31"}],"curies":[{"name":"wp","href":"https:\/\/api.w.org\/{rel}","templated":true}]}}